{"id":6516,"date":"2024-05-29T10:05:42","date_gmt":"2024-05-29T08:05:42","guid":{"rendered":"https:\/\/artspace.rs\/?page_id=6516"},"modified":"2024-07-15T15:47:29","modified_gmt":"2024-07-15T13:47:29","slug":"geotehnika","status":"publish","type":"page","link":"http:\/\/highway.rs\/en\/geotehnika\/","title":{"rendered":"GEOTECHNICS"},"content":{"rendered":"<div data-elementor-type=\"wp-page\" data-elementor-id=\"6516\" class=\"elementor elementor-6516\" data-elementor-post-type=\"page\">\n\t\t\t\t\t\t<section class=\"elementor-section elementor-top-section elementor-element elementor-element-a2001aa elementor-section-boxed elementor-section-height-default elementor-section-height-default\" data-id=\"a2001aa\" data-element_type=\"section\" data-e-type=\"section\" data-settings=\"{&quot;background_background&quot;:&quot;classic&quot;}\">\n\t\t\t\t\t\t<div class=\"elementor-container elementor-column-gap-no\">\n\t\t\t\t\t<div class=\"elementor-column elementor-col-100 elementor-top-column elementor-element elementor-element-9a85da3\" data-id=\"9a85da3\" data-element_type=\"column\" data-e-type=\"column\">\n\t\t\t<div class=\"elementor-widget-wrap elementor-element-populated\">\n\t\t\t\t\t\t<div class=\"elementor-element elementor-element-9cecd94 elementor-widget elementor-widget-section-title\" data-id=\"9cecd94\" data-element_type=\"widget\" data-e-type=\"widget\" data-widget_type=\"section-title.default\">\n\t\t\t\t<div class=\"elementor-widget-container\">\n\t\t\t\t\t\r\n\t\t\r\n\t\t\t<div class=\"section-title style8\">\r\n\t\t\t\t<div class=\"section-title\">\r\n\t\t\t\t\t\t\t\t\t\t\r\n\t\t\t\t\t \r\n\t\t\t\t\t\t<h3 class=\"title\"> <\/h3>\r\n\t\t\t\t\t\t\t\t\t\t\r\n\t\t\t\t\t\r\n\t\t\t\t\t<div class=\"highylight_thum\">\r\n\t\t\t\t    \t\t\t\t\t\t\r\n\t\t\t\t\t   \r\n\t\t\t\t\t<\/div>\r\n\t\t\t\t\t\r\n\t\t\t\t\t\t\t\t\t<\/div>\r\n\t\t\t<\/div>\r\n\t\t\t\r\n\t\t\t\r\n\t\t\t\t\t\t<\/div>\n\t\t\t\t<\/div>\n\t\t\t\t\t<\/div>\n\t\t<\/div>\n\t\t\t\t\t<\/div>\n\t\t<\/section>\n\t\t\t\t<section class=\"elementor-section elementor-top-section elementor-element elementor-element-38447df elementor-section-content-middle elementor-section-boxed elementor-section-height-default elementor-section-height-default\" data-id=\"38447df\" data-element_type=\"section\" data-e-type=\"section\" data-settings=\"{&quot;background_background&quot;:&quot;classic&quot;}\">\n\t\t\t\t\t\t<div class=\"elementor-container elementor-column-gap-default\">\n\t\t\t\t\t<div class=\"elementor-column elementor-col-50 elementor-top-column elementor-element elementor-element-37c4522\" data-id=\"37c4522\" data-element_type=\"column\" data-e-type=\"column\">\n\t\t\t<div class=\"elementor-widget-wrap elementor-element-populated\">\n\t\t\t\t\t\t<div class=\"elementor-element elementor-element-5e891a4 elementor-widget elementor-widget-image\" data-id=\"5e891a4\" data-element_type=\"widget\" data-e-type=\"widget\" data-widget_type=\"image.default\">\n\t\t\t\t<div class=\"elementor-widget-container\">\n\t\t\t\t\t\t\t\t\t\t\t\t\t\t\t<img fetchpriority=\"high\" decoding=\"async\" width=\"1024\" height=\"1024\" src=\"https:\/\/highway.rs\/wp-content\/uploads\/2024\/06\/geotehnika-2-min.png\" class=\"attachment-large size-large wp-image-7227\" alt=\"\" srcset=\"https:\/\/highway.rs\/wp-content\/uploads\/2024\/06\/geotehnika-2-min.png 1024w, https:\/\/highway.rs\/wp-content\/uploads\/2024\/06\/geotehnika-2-min-300x300.png 300w, https:\/\/highway.rs\/wp-content\/uploads\/2024\/06\/geotehnika-2-min-150x150.png 150w, https:\/\/highway.rs\/wp-content\/uploads\/2024\/06\/geotehnika-2-min-768x768.png 768w, https:\/\/highway.rs\/wp-content\/uploads\/2024\/06\/geotehnika-2-min-450x450.png 450w, https:\/\/highway.rs\/wp-content\/uploads\/2024\/06\/geotehnika-2-min-106x106.png 106w, https:\/\/highway.rs\/wp-content\/uploads\/2024\/06\/geotehnika-2-min-560x560.png 560w, https:\/\/highway.rs\/wp-content\/uploads\/2024\/06\/geotehnika-2-min-80x80.png 80w\" sizes=\"(max-width: 1024px) 100vw, 1024px\" \/>\t\t\t\t\t\t\t\t\t\t\t\t\t\t\t<\/div>\n\t\t\t\t<\/div>\n\t\t\t\t\t<\/div>\n\t\t<\/div>\n\t\t\t\t<div class=\"elementor-column elementor-col-50 elementor-top-column elementor-element elementor-element-b573a46\" data-id=\"b573a46\" data-element_type=\"column\" data-e-type=\"column\">\n\t\t\t<div class=\"elementor-widget-wrap elementor-element-populated\">\n\t\t\t\t\t\t<div class=\"elementor-element elementor-element-5ed4f2d elementor-widget elementor-widget-section-title\" data-id=\"5ed4f2d\" data-element_type=\"widget\" data-e-type=\"widget\" data-widget_type=\"section-title.default\">\n\t\t\t\t<div class=\"elementor-widget-container\">\n\t\t\t\t\t\r\n\t\t\r\n\t\t\t<div class=\"section-title style1\">\r\n\t\t\t\t<div class=\"section-title\">\r\n\t\t\t\t\t \r\n\t\t\t\t\t\t<h5 class=\"subtitle\">GEOTECHNICS<\/h5>\r\n\t\t\t\t\t\t\t\t\t\t\r\n\t\t\t\t\t \r\n\t\t\t\t\t\t<h3 class=\"title\">Work of the Geotechnics Department<\/h3>\r\n\t\t\t\t\t\t\t\t\t\t\r\n\t\t\t\t\t\t\t\t\t<\/div>\r\n\t\t\t<\/div>\r\n\r\n\t\t\r\n\t\t\t\t\t\t<\/div>\n\t\t\t\t<\/div>\n\t\t\t\t<div class=\"elementor-element elementor-element-1ae418d elementor-widget elementor-widget-text-editor\" data-id=\"1ae418d\" data-element_type=\"widget\" data-e-type=\"widget\" data-widget_type=\"text-editor.default\">\n\t\t\t\t<div class=\"elementor-widget-container\">\n\t\t\t\t\t\t\t\t\t<p>The Geotechnics Department is a unique organizational unit of the Highway Institute, equipped to carry out project-research work in the fields of geology and geotechnics. These are essential for planning, designing, constructing, and operating structures, especially low-rise structures such as roadways. The main motto of this department, from its inception to the present day, is the continuous insistence on a leading role in the application of highly specialized work within its field.<\/p><p>The department has modern field and laboratory equipment for geomechanical testing, necessary for performing its activities within the accredited Geomechanics Laboratory.<\/p>\t\t\t\t\t\t\t\t<\/div>\n\t\t\t\t<\/div>\n\t\t\t\t\t<\/div>\n\t\t<\/div>\n\t\t\t\t\t<\/div>\n\t\t<\/section>\n\t\t\t\t<section class=\"elementor-section elementor-top-section elementor-element elementor-element-95ea9a1 elementor-section-content-middle elementor-section-boxed elementor-section-height-default elementor-section-height-default\" data-id=\"95ea9a1\" data-element_type=\"section\" data-e-type=\"section\" data-settings=\"{&quot;background_background&quot;:&quot;classic&quot;}\">\n\t\t\t\t\t\t<div class=\"elementor-container elementor-column-gap-default\">\n\t\t\t\t\t<div class=\"elementor-column elementor-col-100 elementor-top-column elementor-element elementor-element-de35e16\" data-id=\"de35e16\" data-element_type=\"column\" data-e-type=\"column\">\n\t\t\t<div class=\"elementor-widget-wrap elementor-element-populated\">\n\t\t\t\t\t\t<div class=\"elementor-element elementor-element-55f0523 elementor-widget elementor-widget-heading\" data-id=\"55f0523\" data-element_type=\"widget\" data-e-type=\"widget\" data-widget_type=\"heading.default\">\n\t\t\t\t<div class=\"elementor-widget-container\">\n\t\t\t\t\t<h2 class=\"elementor-heading-title elementor-size-default\">Departments and Laboratory<\/h2>\t\t\t\t<\/div>\n\t\t\t\t<\/div>\n\t\t\t\t<div class=\"elementor-element elementor-element-e7e886d elementor-widget elementor-widget-text-editor\" data-id=\"e7e886d\" data-element_type=\"widget\" data-e-type=\"widget\" data-widget_type=\"text-editor.default\">\n\t\t\t\t<div class=\"elementor-widget-container\">\n\t\t\t\t\t\t\t\t\t<ul><li>Geotechnical Design and Monitoring Department<\/li><li>Geotechnical Structures Department<\/li><li>Field Research Department<\/li><li>Geomechanics Laboratory<\/li><\/ul>\t\t\t\t\t\t\t\t<\/div>\n\t\t\t\t<\/div>\n\t\t\t\t<div class=\"elementor-element elementor-element-420c15d elementor-widget elementor-widget-text-editor\" data-id=\"420c15d\" data-element_type=\"widget\" data-e-type=\"widget\" data-widget_type=\"text-editor.default\">\n\t\t\t\t<div class=\"elementor-widget-container\">\n\t\t\t\t\t\t\t\t\t<p>Currently, we are working on the largest infrastructure projects in the country in collaboration with the Ministry of Construction (MGSI), Roads of Serbia, Corridors of Serbia, Roads of Belgrade, and foreign contractors such as Bechtel ENKA, AZVIRT, ShanDong, Power China Construction, and others.<\/p>\t\t\t\t\t\t\t\t<\/div>\n\t\t\t\t<\/div>\n\t\t\t\t\t<\/div>\n\t\t<\/div>\n\t\t\t\t\t<\/div>\n\t\t<\/section>\n\t\t\t\t<section class=\"elementor-section elementor-top-section elementor-element elementor-element-d2b5f63 elementor-section-content-middle elementor-section-boxed elementor-section-height-default elementor-section-height-default\" data-id=\"d2b5f63\" data-element_type=\"section\" data-e-type=\"section\" data-settings=\"{&quot;background_background&quot;:&quot;classic&quot;}\">\n\t\t\t\t\t\t<div class=\"elementor-container elementor-column-gap-default\">\n\t\t\t\t\t<div class=\"elementor-column elementor-col-100 elementor-top-column elementor-element elementor-element-2ffada7\" data-id=\"2ffada7\" data-element_type=\"column\" data-e-type=\"column\">\n\t\t\t<div class=\"elementor-widget-wrap elementor-element-populated\">\n\t\t\t\t\t\t<div class=\"elementor-element elementor-element-6db5ec1 elementor-widget elementor-widget-heading\" data-id=\"6db5ec1\" data-element_type=\"widget\" data-e-type=\"widget\" data-widget_type=\"heading.default\">\n\t\t\t\t<div class=\"elementor-widget-container\">\n\t\t\t\t\t<h2 class=\"elementor-heading-title elementor-size-default\">The most significant projects in the period from 2019 to 2024.<\/h2>\t\t\t\t<\/div>\n\t\t\t\t<\/div>\n\t\t\t\t<div class=\"elementor-element elementor-element-aa50c47 elementor-widget elementor-widget-text-editor\" data-id=\"aa50c47\" data-element_type=\"widget\" data-e-type=\"widget\" data-widget_type=\"text-editor.default\">\n\t\t\t\t<div class=\"elementor-widget-container\">\n\t\t\t\t\t\t\t\t\t<p><strong>1<\/strong>. Conceptual Design for the Reconstruction of the Velika Plana \u2013 Ni\u0161 Railway, Section 3: \u0110unis \u2013 Ni\u0161 (Trupale), km 196+900 \u2013 km 235+100<\/p><p><strong>2<\/strong>. Conceptual Design, Building Permit Design, Execution Design, and As-built Design of the Ruma \u2013 \u0160abac Highway, and the \u0160abac \u2013 Loznica Expressway, with a bridge over the Sava River at \u0160abac:<\/p><p>\u2013 Section 1: Ruma \u2013 \u0160abac Highway, from the E-70 Highway (Ruma Interchange) to the Sava River Bridge, L~21 km<br \/>\u2013 Section 2: Sava River Bridge, L~1.4 km (including access roads)<br \/>\u2013 Section 3: \u0160abac \u2013 Loznica Expressway, L~55 km<br \/>\u2013 Section 3.1: Slep\u010devi\u0107 \u2013 Badovinci Expressway<\/p><p><strong>3<\/strong>. Providing ongoing control services on the Ruma \u2013 \u0160abac Highway, and the \u0160abac \u2013 Loznica Expressway, with a bridge over the Sava River at \u0160abac:<\/p><p>\u2013 Section 1: Ruma \u2013 \u0160abac Highway, from the E-70 Highway (Ruma Interchange) to the Sava River Bridge, L~21 km<br \/>\u2013 Section 2: Sava River Bridge, L~1.4 km (including access roads)<br \/>\u2013 Section 3, \u0160abac \u2013 Loznica Expressway, L~55 km<br \/>\u2013 Section 3.1: Slep\u010devi\u0107 \u2013 Badovinci Expressway<\/p><p><strong>4<\/strong>. Providing ongoing control services on the Belgrade Bypass, Sectors 4, 5, and 6<\/p><p><strong>5<\/strong>. Professional supervision of the construction works on the E-761 Highway Belgrade \u2013 Sarajevo, Sremska Ra\u010da \u2013 Kuzmin Section<\/p><p><strong>6<\/strong>. Conceptual Design for the first-order expressway, E-75 Highway Belgrade \u2013 Ni\u0161, Po\u017earevac Interchange \u2013 Po\u017earevac (bypass) \u2013 Veliko Gradi\u0161te \u2013 Golubac:<\/p><p>\u2013 Subsection 1, L~23 km<br \/>\u2013 Subsection 2, L~23 km<br \/>\u2013 Subsection 3, L~22 km<\/p><p><strong>7<\/strong>. Preparation of the Planning and Technical Documentation for the construction of the first-order expressway, Ostru\u017enica \u2013 Obrenovac, L~20 km<\/p><p><strong>8<\/strong>. Conceptual Design with Feasibility Study, Building Permit Design, Execution Design, and As-built Design for the state road IB-27, Section: Iverak-Lajkovac, length L=17 km<\/p><p><strong>9<\/strong>. Conceptual Design with Feasibility Study for the \"Vranjska Banja\" interchange on the A1 state road (E-75) Belgrade \u2013 Ni\u0161 \u2013 North Macedonia border; Section: Vladi\u010din Han \u2013 Donji Neradovac<\/p><p><strong>10<\/strong>. Building Permit Design for the E-761 Highway: Pojate-Preljina; Pojate-Kru\u0161evac Section; Section 3: Makre\u0161ane-Ko\u0161ev, km 16+721.95 \u2013 km 27+600, length L=10.88 km, and Section 9: Mr\u010dajevci \u2013 Preljina, km 97+000.00 <br \/>to km 109+663.80, L=12.66 km<\/p>\t\t\t\t\t\t\t\t<\/div>\n\t\t\t\t<\/div>\n\t\t\t\t\t<\/div>\n\t\t<\/div>\n\t\t\t\t\t<\/div>\n\t\t<\/section>\n\t\t\t\t<\/div>","protected":false},"excerpt":{"rendered":"<p>\u0413\u0415\u041e\u0422\u0415\u0425\u041d\u0418\u041a\u0410 \u0420\u0430\u0434 \u0417\u0430\u0432\u043e\u0434\u0430 \u0437\u0430 \u0433\u0435\u043e\u0442\u0435\u0445\u043d\u0438\u043a\u0443 \u0417\u0430\u0432\u043e\u0434 \u0437\u0430 \u0433\u0435\u043e\u0442\u0435\u0445\u043d\u0438\u043a\u0443, \u043f\u0440\u0435\u0434\u0441\u0442\u0430\u0432\u0459\u0430 \u0458\u0435\u0434\u0438\u043d\u0441\u0442\u0432\u0435\u043d\u0443 \u043e\u0440\u0433\u0430\u043d\u0438\u0437\u0430\u0446\u0438\u043e\u043d\u0443 \u0446\u0435\u043b\u0438\u043d\u0443 \u0418\u043d\u0441\u0442\u0438\u0442\u0443\u0442\u0430 \u0437\u0430 \u043f\u0443\u0442\u0435\u0432\u0435, \u043e\u0441\u043f\u043e\u0441\u043e\u0431\u0459\u0435\u043d \u0437\u0430 \u043e\u0431\u0430\u0432\u0459\u0430\u045a\u0435 \u043f\u0440\u043e\u0458\u0435\u043a\u0442\u043d\u043e &#8211; \u0438\u0441\u0442\u0440\u0430\u0436\u0438\u0432\u0430\u0447\u043a\u0438\u0445 \u0440\u0430\u0434\u043e\u0432\u0430 \u0438\u0437 \u043e\u0431\u043b\u0430\u0441\u0442\u0438 \u0433\u0435\u043e\u043b\u043e\u0433\u0438\u0458\u0435 \u0438 \u0433\u0435\u043e\u0442\u0435\u0445\u043d\u0438\u043a\u0435, \u043d\u0435\u043e\u043f\u0445\u043e\u0434\u043d\u0438\u0445 \u0437\u0430 \u043f\u043e\u0442\u0440\u0435\u0431\u0435 \u043f\u043b\u0430\u043d\u0438\u0440\u0430\u045a\u0430, \u043f\u0440\u043e\u0458\u0435\u043a\u0442\u043e\u0432\u0430\u045a\u0430, \u0438\u0437\u0433\u0440\u0430\u0434\u045a\u0443 \u0438 \u0435\u043a\u0441\u043f\u043b\u043e\u0430\u0442\u0430\u0446\u0438\u0458\u0443 \u043e\u0431\u0458\u0435\u043a\u0430\u0442\u0430, \u043f\u043e\u0441\u0435\u0431\u043d\u043e \u043e\u0431\u0458\u0435\u043a\u0430\u0442\u0430 \u043d\u0438\u0441\u043a\u043e\u0433\u0440\u0430\u0434\u045a\u0435, \u043e\u0434\u043d\u043e\u0441\u043d\u043e \u043f\u0443\u0442\u043d\u0438\u0445 \u0441\u0430\u043e\u0431\u0440\u0430\u045b\u0430\u0458\u043d\u0438\u0446\u0430. \u041e\u0441\u043d\u043e\u0432\u043d\u0438 \u043c\u043e\u0442\u043e \u043e\u0432\u043e\u0433 \u0417\u0430\u0432\u043e\u0434\u0430, \u043e\u0434 \u045a\u0435\u0433\u043e\u0432\u043e\u0433 \u043d\u0430\u0441\u0442\u0430\u043d\u043a\u0430 \u0434\u043e \u0434\u0430\u043d\u0430\u0441 \u0458\u0435, \u0441\u0442\u0430\u043b\u043d\u043e \u0438\u043d\u0441\u0438\u0441\u0442\u0438\u0440\u0430\u045a\u0435 \u043d\u0430 [&hellip;]<\/p>\n","protected":false},"author":1,"featured_media":0,"parent":0,"menu_order":0,"comment_status":"closed","ping_status":"closed","template":"page-templates\/template-default.php","meta":{"footnotes":""},"class_list":["post-6516","page","type-page","status-publish","hentry"],"_links":{"self":[{"href":"http:\/\/highway.rs\/en\/wp-json\/wp\/v2\/pages\/6516","targetHints":{"allow":["GET"]}}],"collection":[{"href":"http:\/\/highway.rs\/en\/wp-json\/wp\/v2\/pages"}],"about":[{"href":"http:\/\/highway.rs\/en\/wp-json\/wp\/v2\/types\/page"}],"author":[{"embeddable":true,"href":"http:\/\/highway.rs\/en\/wp-json\/wp\/v2\/users\/1"}],"replies":[{"embeddable":true,"href":"http:\/\/highway.rs\/en\/wp-json\/wp\/v2\/comments?post=6516"}],"version-history":[{"count":55,"href":"http:\/\/highway.rs\/en\/wp-json\/wp\/v2\/pages\/6516\/revisions"}],"predecessor-version":[{"id":8127,"href":"http:\/\/highway.rs\/en\/wp-json\/wp\/v2\/pages\/6516\/revisions\/8127"}],"wp:attachment":[{"href":"http:\/\/highway.rs\/en\/wp-json\/wp\/v2\/media?parent=6516"}],"curies":[{"name":"wp","href":"https:\/\/api.w.org\/{rel}","templated":true}]}}