{"id":5332,"date":"2024-05-09T10:55:01","date_gmt":"2024-05-09T08:55:01","guid":{"rendered":"https:\/\/artspace.rs\/?page_id=5332"},"modified":"2024-07-15T17:10:19","modified_gmt":"2024-07-15T15:10:19","slug":"poslovanje","status":"publish","type":"page","link":"http:\/\/highway.rs\/en\/poslovanje\/","title":{"rendered":"BUSINESS"},"content":{"rendered":"<div data-elementor-type=\"wp-page\" data-elementor-id=\"5332\" class=\"elementor elementor-5332\" data-elementor-post-type=\"page\">\n\t\t\t\t\t\t<section class=\"elementor-section elementor-top-section elementor-element elementor-element-40a8be0 elementor-section-boxed elementor-section-height-default elementor-section-height-default\" data-id=\"40a8be0\" data-element_type=\"section\" data-e-type=\"section\" data-settings=\"{&quot;background_background&quot;:&quot;classic&quot;}\">\n\t\t\t\t\t\t<div class=\"elementor-container elementor-column-gap-no\">\n\t\t\t\t\t<div class=\"elementor-column elementor-col-100 elementor-top-column elementor-element elementor-element-b606296\" data-id=\"b606296\" data-element_type=\"column\" data-e-type=\"column\">\n\t\t\t<div class=\"elementor-widget-wrap elementor-element-populated\">\n\t\t\t\t\t\t<div class=\"elementor-element elementor-element-01bbefe elementor-widget elementor-widget-section-title\" data-id=\"01bbefe\" data-element_type=\"widget\" data-e-type=\"widget\" data-widget_type=\"section-title.default\">\n\t\t\t\t<div class=\"elementor-widget-container\">\n\t\t\t\t\t\r\n\t\t\r\n\t\t\t<div class=\"section-title style8\">\r\n\t\t\t\t<div class=\"section-title\">\r\n\t\t\t\t\t\t\t\t\t\t\r\n\t\t\t\t\t \r\n\t\t\t\t\t\t<h3 class=\"title\"> <\/h3>\r\n\t\t\t\t\t\t\t\t\t\t\r\n\t\t\t\t\t\r\n\t\t\t\t\t<div class=\"highylight_thum\">\r\n\t\t\t\t    \t\t\t\t\t\t\r\n\t\t\t\t\t   \r\n\t\t\t\t\t<\/div>\r\n\t\t\t\t\t\r\n\t\t\t\t\t\t\t\t\t<\/div>\r\n\t\t\t<\/div>\r\n\t\t\t\r\n\t\t\t\r\n\t\t\t\t\t\t<\/div>\n\t\t\t\t<\/div>\n\t\t\t\t\t<\/div>\n\t\t<\/div>\n\t\t\t\t\t<\/div>\n\t\t<\/section>\n\t\t\t\t<section class=\"elementor-section elementor-top-section elementor-element elementor-element-38447df elementor-section-content-middle elementor-section-boxed elementor-section-height-default elementor-section-height-default\" data-id=\"38447df\" data-element_type=\"section\" data-e-type=\"section\" data-settings=\"{&quot;background_background&quot;:&quot;classic&quot;}\">\n\t\t\t\t\t\t<div class=\"elementor-container elementor-column-gap-default\">\n\t\t\t\t\t<div class=\"elementor-column elementor-col-50 elementor-top-column elementor-element elementor-element-37c4522\" data-id=\"37c4522\" data-element_type=\"column\" data-e-type=\"column\">\n\t\t\t<div class=\"elementor-widget-wrap elementor-element-populated\">\n\t\t\t\t\t\t<div class=\"elementor-element elementor-element-5e891a4 elementor-widget elementor-widget-image\" data-id=\"5e891a4\" data-element_type=\"widget\" data-e-type=\"widget\" data-widget_type=\"image.default\">\n\t\t\t\t<div class=\"elementor-widget-container\">\n\t\t\t\t\t\t\t\t\t\t\t\t\t\t\t<img fetchpriority=\"high\" decoding=\"async\" width=\"1024\" height=\"1024\" src=\"https:\/\/highway.rs\/wp-content\/uploads\/2024\/05\/delatnost-page-img-1-min.jpg\" class=\"attachment-large size-large wp-image-6227\" alt=\"\" srcset=\"https:\/\/highway.rs\/wp-content\/uploads\/2024\/05\/delatnost-page-img-1-min.jpg 1024w, https:\/\/highway.rs\/wp-content\/uploads\/2024\/05\/delatnost-page-img-1-min-300x300.jpg 300w, https:\/\/highway.rs\/wp-content\/uploads\/2024\/05\/delatnost-page-img-1-min-150x150.jpg 150w, https:\/\/highway.rs\/wp-content\/uploads\/2024\/05\/delatnost-page-img-1-min-768x768.jpg 768w, https:\/\/highway.rs\/wp-content\/uploads\/2024\/05\/delatnost-page-img-1-min-450x450.jpg 450w, https:\/\/highway.rs\/wp-content\/uploads\/2024\/05\/delatnost-page-img-1-min-106x106.jpg 106w, https:\/\/highway.rs\/wp-content\/uploads\/2024\/05\/delatnost-page-img-1-min-560x560.jpg 560w, https:\/\/highway.rs\/wp-content\/uploads\/2024\/05\/delatnost-page-img-1-min-80x80.jpg 80w\" sizes=\"(max-width: 1024px) 100vw, 1024px\" \/>\t\t\t\t\t\t\t\t\t\t\t\t\t\t\t<\/div>\n\t\t\t\t<\/div>\n\t\t\t\t\t<\/div>\n\t\t<\/div>\n\t\t\t\t<div class=\"elementor-column elementor-col-50 elementor-top-column elementor-element elementor-element-b573a46\" data-id=\"b573a46\" data-element_type=\"column\" data-e-type=\"column\">\n\t\t\t<div class=\"elementor-widget-wrap elementor-element-populated\">\n\t\t\t\t\t\t<div class=\"elementor-element elementor-element-5ed4f2d elementor-widget elementor-widget-section-title\" data-id=\"5ed4f2d\" data-element_type=\"widget\" data-e-type=\"widget\" data-widget_type=\"section-title.default\">\n\t\t\t\t<div class=\"elementor-widget-container\">\n\t\t\t\t\t\r\n\t\t\r\n\t\t\t<div class=\"section-title style1\">\r\n\t\t\t\t<div class=\"section-title\">\r\n\t\t\t\t\t \r\n\t\t\t\t\t\t<h5 class=\"subtitle\">OUR ACTIVITIES<\/h5>\r\n\t\t\t\t\t\t\t\t\t\t\r\n\t\t\t\t\t \r\n\t\t\t\t\t\t<h3 class=\"title\">Engineering Services and Technical Consulting<\/h3>\r\n\t\t\t\t\t\t\t\t\t\t\r\n\t\t\t\t\t\t\t\t\t<\/div>\r\n\t\t\t<\/div>\r\n\r\n\t\t\r\n\t\t\t\t\t\t<\/div>\n\t\t\t\t<\/div>\n\t\t\t\t<div class=\"elementor-element elementor-element-1ae418d elementor-widget elementor-widget-text-editor\" data-id=\"1ae418d\" data-element_type=\"widget\" data-e-type=\"widget\" data-widget_type=\"text-editor.default\">\n\t\t\t\t<div class=\"elementor-widget-container\">\n\t\t\t\t\t\t\t\t\t<p>\u2022The Institute provides services in the field of engineering activities and technical consulting related to the construction and maintenance of transportation infrastructure, testing of construction materials, and product certification.<\/p>\t\t\t\t\t\t\t\t<\/div>\n\t\t\t\t<\/div>\n\t\t\t\t<div class=\"elementor-element elementor-element-007620f elementor-widget elementor-widget-text-editor\" data-id=\"007620f\" data-element_type=\"widget\" data-e-type=\"widget\" data-widget_type=\"text-editor.default\">\n\t\t\t\t<div class=\"elementor-widget-container\">\n\t\t\t\t\t\t\t\t\t<p>\u2022 Currently, we are working on the largest infrastructure projects in the country in collaboration with the Ministry of Construction, Transport, and Infrastructure (MCTI), Roads of Serbia, Corridors of Serbia, Roads of Belgrade, as well as with international contractors such as Bechtel ENKA, AZVIRT, ShanDong, Power China Construction, and others.<\/p>\t\t\t\t\t\t\t\t<\/div>\n\t\t\t\t<\/div>\n\t\t\t\t<div class=\"elementor-element elementor-element-ac96152 elementor-widget elementor-widget-text-editor\" data-id=\"ac96152\" data-element_type=\"widget\" data-e-type=\"widget\" data-widget_type=\"text-editor.default\">\n\t\t\t\t<div class=\"elementor-widget-container\">\n\t\t\t\t\t\t\t\t\t<p>The activities of the Highway Institute are based on research in the fields of traffic, economics, investments, research in all types of design and engineering structures, environmental protection, geotechnics, geology, soil, construction materials (asphalt, concrete, component materials, and additives), laboratory testing, quality control, as well as product certification (fractionated stone aggregate for concrete and asphalt).<\/p>\t\t\t\t\t\t\t\t<\/div>\n\t\t\t\t<\/div>\n\t\t\t\t\t<\/div>\n\t\t<\/div>\n\t\t\t\t\t<\/div>\n\t\t<\/section>\n\t\t\t\t<section class=\"elementor-section elementor-top-section elementor-element elementor-element-3cddcea elementor-section-content-middle elementor-section-boxed elementor-section-height-default elementor-section-height-default\" data-id=\"3cddcea\" data-element_type=\"section\" data-e-type=\"section\" data-settings=\"{&quot;background_background&quot;:&quot;classic&quot;}\">\n\t\t\t\t\t\t<div class=\"elementor-container elementor-column-gap-default\">\n\t\t\t\t\t<div class=\"elementor-column elementor-col-50 elementor-top-column elementor-element elementor-element-8c1b2ba\" data-id=\"8c1b2ba\" data-element_type=\"column\" data-e-type=\"column\">\n\t\t\t<div class=\"elementor-widget-wrap elementor-element-populated\">\n\t\t\t\t\t\t<section class=\"elementor-section elementor-inner-section elementor-element elementor-element-b738172 elementor-section-boxed elementor-section-height-default elementor-section-height-default\" data-id=\"b738172\" data-element_type=\"section\" data-e-type=\"section\">\n\t\t\t\t\t\t<div class=\"elementor-container elementor-column-gap-default\">\n\t\t\t\t\t<div class=\"elementor-column elementor-col-100 elementor-inner-column elementor-element elementor-element-3039e61\" data-id=\"3039e61\" data-element_type=\"column\" data-e-type=\"column\">\n\t\t\t<div class=\"elementor-widget-wrap elementor-element-populated\">\n\t\t\t\t\t\t<div class=\"elementor-element elementor-element-5819537 elementor-widget elementor-widget-text-editor\" data-id=\"5819537\" data-element_type=\"widget\" data-e-type=\"widget\" data-widget_type=\"text-editor.default\">\n\t\t\t\t<div class=\"elementor-widget-container\">\n\t\t\t\t\t\t\t\t\t<p>The Institute engages in the preparation of technical documentation (general, conceptual, and main projects, as-built projects, etc.) for highways, roads of all categories, urban streets, airport runways, junctions, interchanges, bridges, tunnels, and other structures, pavements, other infrastructure objects, ancillary facilities related to roads, urban streets, and more.<\/p><p>Our activities also include the preparation of all types of studies, analyses, expertise, standards, technical regulations in the fields of traffic, geotechnics, road and street maintenance and management, construction technology, management systems, environment, construction and other materials, and terrain.<\/p>\t\t\t\t\t\t\t\t<\/div>\n\t\t\t\t<\/div>\n\t\t\t\t\t<\/div>\n\t\t<\/div>\n\t\t\t\t\t<\/div>\n\t\t<\/section>\n\t\t\t\t\t<\/div>\n\t\t<\/div>\n\t\t\t\t<div class=\"elementor-column elementor-col-50 elementor-top-column elementor-element elementor-element-f99df62\" data-id=\"f99df62\" data-element_type=\"column\" data-e-type=\"column\">\n\t\t\t<div class=\"elementor-widget-wrap elementor-element-populated\">\n\t\t\t\t\t\t<div class=\"elementor-element elementor-element-f096e06 elementor-widget elementor-widget-image\" data-id=\"f096e06\" data-element_type=\"widget\" data-e-type=\"widget\" data-widget_type=\"image.default\">\n\t\t\t\t<div class=\"elementor-widget-container\">\n\t\t\t\t\t\t\t\t\t\t\t\t\t\t\t<img decoding=\"async\" width=\"1024\" height=\"1024\" src=\"https:\/\/highway.rs\/wp-content\/uploads\/2024\/05\/delatnost-page-img-2-min-1.jpg\" class=\"attachment-large size-large wp-image-6257\" alt=\"\" srcset=\"https:\/\/highway.rs\/wp-content\/uploads\/2024\/05\/delatnost-page-img-2-min-1.jpg 1024w, https:\/\/highway.rs\/wp-content\/uploads\/2024\/05\/delatnost-page-img-2-min-1-300x300.jpg 300w, https:\/\/highway.rs\/wp-content\/uploads\/2024\/05\/delatnost-page-img-2-min-1-150x150.jpg 150w, https:\/\/highway.rs\/wp-content\/uploads\/2024\/05\/delatnost-page-img-2-min-1-768x768.jpg 768w, https:\/\/highway.rs\/wp-content\/uploads\/2024\/05\/delatnost-page-img-2-min-1-450x450.jpg 450w, https:\/\/highway.rs\/wp-content\/uploads\/2024\/05\/delatnost-page-img-2-min-1-106x106.jpg 106w, https:\/\/highway.rs\/wp-content\/uploads\/2024\/05\/delatnost-page-img-2-min-1-560x560.jpg 560w, https:\/\/highway.rs\/wp-content\/uploads\/2024\/05\/delatnost-page-img-2-min-1-80x80.jpg 80w\" sizes=\"(max-width: 1024px) 100vw, 1024px\" \/>\t\t\t\t\t\t\t\t\t\t\t\t\t\t\t<\/div>\n\t\t\t\t<\/div>\n\t\t\t\t\t<\/div>\n\t\t<\/div>\n\t\t\t\t\t<\/div>\n\t\t<\/section>\n\t\t\t\t<section class=\"elementor-section elementor-top-section elementor-element elementor-element-d2b5f63 elementor-section-content-middle elementor-section-boxed elementor-section-height-default elementor-section-height-default\" data-id=\"d2b5f63\" data-element_type=\"section\" data-e-type=\"section\" data-settings=\"{&quot;background_background&quot;:&quot;classic&quot;}\">\n\t\t\t\t\t\t<div class=\"elementor-container elementor-column-gap-default\">\n\t\t\t\t\t<div class=\"elementor-column elementor-col-100 elementor-top-column elementor-element elementor-element-2ffada7\" data-id=\"2ffada7\" data-element_type=\"column\" data-e-type=\"column\">\n\t\t\t<div class=\"elementor-widget-wrap elementor-element-populated\">\n\t\t\t\t\t\t<div class=\"elementor-element elementor-element-6db5ec1 elementor-widget elementor-widget-heading\" data-id=\"6db5ec1\" data-element_type=\"widget\" data-e-type=\"widget\" data-widget_type=\"heading.default\">\n\t\t\t\t<div class=\"elementor-widget-container\">\n\t\t\t\t\t<h3 class=\"elementor-heading-title elementor-size-default\">Some of the most significant projects in the past five years<\/h3>\t\t\t\t<\/div>\n\t\t\t\t<\/div>\n\t\t\t\t<div class=\"elementor-element elementor-element-aa50c47 elementor-widget elementor-widget-text-editor\" data-id=\"aa50c47\" data-element_type=\"widget\" data-e-type=\"widget\" data-widget_type=\"text-editor.default\">\n\t\t\t\t<div class=\"elementor-widget-container\">\n\t\t\t\t\t\t\t\t\t<p><strong>\u2022<\/strong> Morava Corridor: Section 3, Pojate \u2013 Preljina (Makre\u0161ane \u2013 Ko\u0161evi) and Section 9, (Mr\u010dajevci \u2013 Preljina), Ruma \u2013 \u0160abac Highway, \u0160abac \u2013 Loznica Expressway, and Iverak \u2013 Lajkovac Expressway, Construction Permit Project for Highway E-80, Sector 1 \u2013 Merosina Interchange to Plocnik Settlement, Sections 2, 3, and 4.<\/p><p><strong>\u2022<\/strong> Conceptual Project with Feasibility Study: Highway E-75 Belgrade \u2013 Ni\u0161 \u2013 Po\u017earevac Bypass \u2013 Veliko Gradi\u0161te \u2013 Golubac, Paracin \u2013 Zaje\u010dar \u2013 Negotin Expressway, Ostru\u017enica \u2013 Obrenovac Expressway, State Road IB U\u017eice \u2013 Kadinja\u010da \u2013 Bajina Ba\u0161ta, Reconstruction of Novi Pazar \u2013 Tutin Road.<\/p><p><strong>\u2022<\/strong> We have provided professional supervision services over the execution of works at the Belgrade Airport, on the construction of the E-761 Belgrade-Sarajevo highway, section Sremska Ra\u010da-Kuzmin, on the construction of the E-763 highway, section Sur\u010din-Obrenovac, and on the reconstruction of the streets Kraljice Marije, 27. Marta, \u0110or\u0111a Va\u0161ingtona, and Cara Du\u0161ana.<\/p><p><strong>\u2022<\/strong> Supervision of Street and Municipal Road Maintenance Programs: In the territory of Belgrade, as well as highways, main, and regional roads under the jurisdiction of JP \"Putevi Srbije\".\u00a0<\/p><p><strong>\u2022<\/strong> Technical Control: Of project-technical documentation and supervision of works on the construction of toll stations on Highway E-75, branches to Macedonia and Bulgaria, as well as on the expansion of toll stations on highways: Belgrade \u2013 Subotica, Belgrade \u2013 \u0160id, and Belgrade \u2013 Ni\u0161.<\/p><p><strong>\u2022<\/strong> Ongoing Control Services: On the Ruma \u2013 \u0160abac Highway, \u0160abac \u2013 Loznica Expressway.<\/p><p><strong>\u2022<\/strong> Successfully Completed: Ongoing control of the Belgrade Bypass, Sectors 4, 5, and 6.<\/p><p><strong>\u2022<\/strong> Landslide Rehabilitation Projects: A large number of landslide rehabilitation projects in Serbia and over forty bridge rehabilitation projects damaged in the 2020 floods.<\/p><p><strong>\u2022<\/strong> Geotechnical Condition Reports: We have developed numerous reports on the geotechnical conditions for the construction of routes and bridges.<\/p><p><strong>\u2022 <\/strong>We are supervising the construction of the Northern Bypass around Kragujevac.<\/p>\t\t\t\t\t\t\t\t<\/div>\n\t\t\t\t<\/div>\n\t\t\t\t\t<\/div>\n\t\t<\/div>\n\t\t\t\t\t<\/div>\n\t\t<\/section>\n\t\t\t\t<\/div>","protected":false},"excerpt":{"rendered":"<p>\u041d\u0410\u0428\u0415 \u0414\u0415\u041b\u0410\u0422\u041d\u041e\u0421\u0422\u0418 \u0418\u043d\u0436\u0435\u045a\u0435\u0440\u0441\u043a\u0435 \u0443\u0441\u043b\u0443\u0433\u0435 \u0438 \u0442\u0435\u0445\u043d\u0438\u0447\u043a\u043e \u0441\u0430\u0432\u0435\u0442\u043e\u0432\u0430\u045a\u0435 \u2022 \u0418\u041d\u0421\u0422\u0418\u0422\u0423\u0422 \u0441\u0435 \u0431\u0430\u0432\u0438 \u043f\u0440\u0443\u0436\u0430\u045a\u0435\u043c \u0443\u0441\u043b\u0443\u0433\u0430 \u0443 \u043e\u0431\u043b\u0430\u0441\u0442\u0438 \u0438\u043d\u0436\u0435\u045a\u0435\u0440\u0441\u043a\u0438\u0445 \u0434\u0435\u043b\u0430\u0442\u043d\u043e\u0441\u0442\u0438 \u0438 \u0442\u0435\u0445\u043d\u0438\u0447\u043a\u043e\u0433 \u0441\u0430\u0432\u0435\u0442\u043e\u0432\u0430\u045a\u0430 \u0443 \u0432\u0435\u0437\u0438 \u0441\u0430 \u0438\u0437\u0433\u0440\u0430\u0434\u045a\u043e\u043c \u0438 \u043e\u0434\u0440\u0436\u0430\u0432\u0430\u045a\u0435\u043c \u0441\u0430\u043e\u0431\u0440\u0430\u045b\u0430\u0458\u043d\u0435 \u0438\u043d\u0444\u0440\u0430\u0441\u0442\u0440\u0443\u043a\u0442\u0443\u0440\u0435, \u0438\u0441\u043f\u0438\u0442\u0438\u0432\u0430\u045a\u0435\u043c \u0433\u0440\u0430\u0452\u0435\u0432\u0438\u043d\u0441\u043a\u0438\u0445 \u043c\u0430\u0442\u0435\u0440\u0438\u0458\u0430\u043b\u0430 \u0438 \u0441\u0435\u0440\u0442\u0438\u0444\u0438\u043a\u0430\u0446\u0438\u0458\u043e\u043c \u043f\u0440\u043e\u0438\u0437\u0432\u043e\u0434\u0430. \u2022 \u0422\u0440\u0435\u043d\u0443\u0442\u043d\u043e \u0440\u0430\u0434\u0438\u043c\u043e \u043d\u0430 \u043d\u0430\u0458\u0432\u0435\u045b\u0438\u043c \u0438\u043d\u0444\u0440\u0430\u0441\u0442\u0440\u0443\u043a\u0442\u0443\u0440\u043d\u0438\u043c \u043f\u0440\u043e\u0458\u0435\u043a\u0442\u0438\u043c\u0430 \u0443 \u0437\u0435\u043c\u0459\u0438 \u0443 \u0441\u0430\u0440\u0430\u0434\u045a\u0438 \u0441\u0430 \u041c\u0438\u043d\u0438\u0441\u0442\u0430\u0440\u0441\u0442\u0432\u043e\u043c \u0433\u0440\u0430\u0452\u0435\u0432\u0438\u043d\u0430\u0440\u0441\u0442\u0432\u0430 (\u041c\u0413\u0421\u0418), \u041f\u0443\u0442\u0435\u0432\u0438\u043c\u0430 \u0421\u0440\u0431\u0438\u0458\u0435, \u041a\u043e\u0440\u0438\u0434\u043e\u0440\u0438\u043c\u0430 \u0421\u0440\u0431\u0438\u0458\u0435, \u041f\u0443\u0442\u0435\u0432\u0438\u043c\u0430 \u0411\u0435\u043e\u0433\u0440\u0430\u0434 [&hellip;]<\/p>\n","protected":false},"author":1,"featured_media":0,"parent":0,"menu_order":0,"comment_status":"closed","ping_status":"closed","template":"page-templates\/template-default.php","meta":{"footnotes":""},"class_list":["post-5332","page","type-page","status-publish","hentry"],"_links":{"self":[{"href":"http:\/\/highway.rs\/en\/wp-json\/wp\/v2\/pages\/5332","targetHints":{"allow":["GET"]}}],"collection":[{"href":"http:\/\/highway.rs\/en\/wp-json\/wp\/v2\/pages"}],"about":[{"href":"http:\/\/highway.rs\/en\/wp-json\/wp\/v2\/types\/page"}],"author":[{"embeddable":true,"href":"http:\/\/highway.rs\/en\/wp-json\/wp\/v2\/users\/1"}],"replies":[{"embeddable":true,"href":"http:\/\/highway.rs\/en\/wp-json\/wp\/v2\/comments?post=5332"}],"version-history":[{"count":120,"href":"http:\/\/highway.rs\/en\/wp-json\/wp\/v2\/pages\/5332\/revisions"}],"predecessor-version":[{"id":8150,"href":"http:\/\/highway.rs\/en\/wp-json\/wp\/v2\/pages\/5332\/revisions\/8150"}],"wp:attachment":[{"href":"http:\/\/highway.rs\/en\/wp-json\/wp\/v2\/media?parent=5332"}],"curies":[{"name":"wp","href":"https:\/\/api.w.org\/{rel}","templated":true}]}}